{"id":13668,"date":"2025-12-08T13:24:45","date_gmt":"2025-12-08T12:24:45","guid":{"rendered":"https:\/\/blog.vincentcharles.ovh\/?page_id=13668"},"modified":"2025-12-08T13:25:52","modified_gmt":"2025-12-08T12:25:52","slug":"cvsofts-oc-tools","status":"publish","type":"page","link":"https:\/\/blog.vincentcharles.ovh\/index.php\/cvsofts-oc-tools\/","title":{"rendered":"CVSofts OC Tools"},"content":{"rendered":"<h2 style=\"text-align: left;\">OC Tools est un ensemble d&rsquo;outils en cours de d\u00e9veloppement pour automatiser des t\u00e2ches redondantes.<\/h2>\n<h4 style=\"text-align: left;\"><span style=\"color: #666699;\">Le projet est actuellement en phase de d\u00e9veloppement et de recherche.<\/span><\/h4>\n<p style=\"text-align: left;\">Pour suivre la progression du projet :\u00a0<a href=\"https:\/\/github.com\/arduinovc\/cvsofts-octools\">arduinovc\/cvsofts-octools<\/a><\/p>\n","protected":false},"excerpt":{"rendered":"<p>OC Tools est un ensemble d&rsquo;outils en cours de d\u00e9veloppement pour automatiser des t\u00e2ches redondantes. Le projet est actuellement en phase de d\u00e9veloppement et de recherche. Pour suivre la progression du projet :\u00a0arduinovc\/cvsofts-octools<\/p>\n","protected":false},"author":1,"featured_media":0,"parent":0,"menu_order":0,"comment_status":"closed","ping_status":"closed","template":"","meta":{"footnotes":""},"class_list":["post-13668","page","type-page","status-publish","hentry"],"_links":{"self":[{"href":"https:\/\/blog.vincentcharles.ovh\/index.php\/wp-json\/wp\/v2\/pages\/13668","targetHints":{"allow":["GET"]}}],"collection":[{"href":"https:\/\/blog.vincentcharles.ovh\/index.php\/wp-json\/wp\/v2\/pages"}],"about":[{"href":"https:\/\/blog.vincentcharles.ovh\/index.php\/wp-json\/wp\/v2\/types\/page"}],"author":[{"embeddable":true,"href":"https:\/\/blog.vincentcharles.ovh\/index.php\/wp-json\/wp\/v2\/users\/1"}],"replies":[{"embeddable":true,"href":"https:\/\/blog.vincentcharles.ovh\/index.php\/wp-json\/wp\/v2\/comments?post=13668"}],"version-history":[{"count":2,"href":"https:\/\/blog.vincentcharles.ovh\/index.php\/wp-json\/wp\/v2\/pages\/13668\/revisions"}],"predecessor-version":[{"id":13670,"href":"https:\/\/blog.vincentcharles.ovh\/index.php\/wp-json\/wp\/v2\/pages\/13668\/revisions\/13670"}],"wp:attachment":[{"href":"https:\/\/blog.vincentcharles.ovh\/index.php\/wp-json\/wp\/v2\/media?parent=13668"}],"curies":[{"name":"wp","href":"https:\/\/api.w.org\/{rel}","templated":true}]}}